{"id":163,"date":"2014-03-09T19:09:19","date_gmt":"2014-03-09T19:09:19","guid":{"rendered":"http:\/\/oldhdk.pl.harta.infrit.net\/?page_id=163"},"modified":"2015-05-01T15:13:09","modified_gmt":"2015-05-01T15:13:09","slug":"galerie","status":"publish","type":"page","link":"https:\/\/oldhdk.pl.harta.infrit.net\/?page_id=163","title":{"rendered":"Galerie"},"content":{"rendered":"<hr \/>\n<p><a title=\"Kwiecie\u0144 2009 - Walne zebranie HDK PCK &quot;Nadzieja&quot;\" href=\"http:\/\/oldhdk.pl.harta.infrit.net\/?page_id=203\">Kwiecie\u0144 2009 &#8211; Walne zebranie HDK &#8222;Nadzieja&#8221;<\/a><\/p>\n<hr \/>\n<p><a href=\"http:\/\/oldhdk.pl.harta.infrit.net\/?page_id=375\">Lipiec 2010 &#8211;\u00a0II Akcja ratuj \u017cycie \u2013 \u017byj bezpiecznie<\/a><\/p>\n<p><a href=\"http:\/\/oldhdk.pl.harta.infrit.net\/?page_id=375\">2010 &#8211;\u00a0IX Podkarpacka Pielgrzymka HDK na Kalwari\u0119 Pac\u0142awsk\u0105<\/a><\/p>\n<hr \/>\n<p><a title=\"Wrzesie\u0144 2011 - X Podkarpacka Pielgrzymka HDK PCK &quot;Nadzieja&quot;\" href=\"http:\/\/oldhdk.pl.harta.infrit.net\/?page_id=213\">Wrzesie\u0144 2011 \u2013 X Podkarpacka Pielgrzymka HDK \u201eNadzieja\u201d<\/a><\/p>\n<p><a href=\"http:\/\/oldhdk.pl.harta.infrit.net\/?page_id=213\">2011 &#8211;\u00a0III Akcja Ratuj \u017cycie &#8211; \u017byj bezpiecznie<\/a><\/p>\n<p><a href=\"http:\/\/oldhdk.pl.harta.infrit.net\/?page_id=213\">28 grudnia 2011\u00a0&#8211;\u00a0Zebranie sprawozdawczo wyborcze<\/a><\/p>\n<hr \/>\n<p><a href=\"http:\/\/oldhdk.pl.harta.infrit.net\/?page_id=391\">2012 &#8211; IV Akcja &#8222;Ratuj zycie &#8211; \u017byj bezpiecznie&#8221;<\/a><\/p>\n<p><a href=\"http:\/\/oldhdk.pl.harta.infrit.net\/?page_id=391\">2012 &#8211;\u00a0XI Podkarpacka Pielgrzymka HDK do Kalwarii Pac\u0142awskiej<\/a><\/p>\n<hr \/>\n<p><a title=\"Lipiec 2013 - V Akcja &quot;Ratuj zycie - \u017byj bezpiecznie&quot;\" href=\"http:\/\/oldhdk.pl.harta.infrit.net\/?page_id=227\">Lipiec 2013 &#8211; V Akcja &#8222;Ratuj zycie &#8211; \u017byj bezpiecznie&#8221;<\/a><\/p>\n<p><a title=\"Wrzesie\u0144 2013 - XII Podkarpacka Pielgrzymka HDK do Kalwarii Pac\u0142awskiej\" href=\"http:\/\/oldhdk.pl.harta.infrit.net\/?page_id=227\">Wrzesie\u0144 2013 &#8211; XII Podkarpacka Pielgrzymka HDK do Kalwarii Pac\u0142awskiej<\/a><\/p>\n<hr \/>\n<p><a title=\"Czerwiec 2014 - XII Podkarpacka Pielgrzymka HDK do Kalwarii Pac\u0142awskiej\" href=\"http:\/\/oldhdk.pl.harta.infrit.net\/?page_id=281\">Czerwiec 2014 &#8211; VI Akcja Zbi\u00f3rki Krwi w Harcie \u201eRatuj \u017cycie \u2013 \u017cyj bezpiecznie\u201d<\/a><\/p>\n<p><a title=\"Wrzesie\u0144 2014 - XII Podkarpacka Pielgrzymka HDK do Kalwarii Pac\u0142awskiej\" href=\"http:\/\/oldhdk.pl.harta.infrit.net\/?page_id=281\">Wrzesie\u0144 2014 &#8211; XIII Podkarpacka Pielgrzymka HDK do Kalwarii Pac\u0142awskiej<\/a><\/p>\n<hr \/>\n","protected":false},"excerpt":{"rendered":"<p>Kwiecie\u0144 2009 &#8211; Walne zebranie HDK &#8222;Nadzieja&#8221; Lipiec 2010 &#8211;\u00a0II Akcja ratuj \u017cycie \u2013 \u017byj bezpiecznie 2010 &#8211;\u00a0IX Podkarpacka Pielgrzymka HDK na Kalwari\u0119 Pac\u0142awsk\u0105 Wrzesie\u0144 2011 \u2013 X Podkarpacka Pielgrzymka HDK \u201eNadzieja\u201d 2011 &#8211;\u00a0III Akcja Ratuj \u017cycie &#8211; \u017byj bezpiecznie 28 grudnia 2011\u00a0&#8211;\u00a0Zebranie sprawozdawczo wyborcze 2012 &#8211; IV Akcja &#8222;Ratuj zycie &#8211; \u017byj bezpiecznie&#8221; 2012 [&hellip;]<\/p>\n","protected":false},"author":3,"featured_media":0,"parent":0,"menu_order":0,"comment_status":"open","ping_status":"open","template":"","meta":{"footnotes":""},"class_list":["post-163","page","type-page","status-publish","hentry"],"_links":{"self":[{"href":"https:\/\/oldhdk.pl.harta.infrit.net\/index.php?rest_route=\/wp\/v2\/pages\/163","targetHints":{"allow":["GET"]}}],"collection":[{"href":"https:\/\/oldhdk.pl.harta.infrit.net\/index.php?rest_route=\/wp\/v2\/pages"}],"about":[{"href":"https:\/\/oldhdk.pl.harta.infrit.net\/index.php?rest_route=\/wp\/v2\/types\/page"}],"author":[{"embeddable":true,"href":"https:\/\/oldhdk.pl.harta.infrit.net\/index.php?rest_route=\/wp\/v2\/users\/3"}],"replies":[{"embeddable":true,"href":"https:\/\/oldhdk.pl.harta.infrit.net\/index.php?rest_route=%2Fwp%2Fv2%2Fcomments&post=163"}],"version-history":[{"count":16,"href":"https:\/\/oldhdk.pl.harta.infrit.net\/index.php?rest_route=\/wp\/v2\/pages\/163\/revisions"}],"predecessor-version":[{"id":406,"href":"https:\/\/oldhdk.pl.harta.infrit.net\/index.php?rest_route=\/wp\/v2\/pages\/163\/revisions\/406"}],"wp:attachment":[{"href":"https:\/\/oldhdk.pl.harta.infrit.net\/index.php?rest_route=%2Fwp%2Fv2%2Fmedia&parent=163"}],"curies":[{"name":"wp","href":"https:\/\/api.w.org\/{rel}","templated":true}]}}