{"id":408,"date":"2015-05-01T15:18:14","date_gmt":"2015-05-01T15:18:14","guid":{"rendered":"http:\/\/oldhdk.pl.harta.infrit.net\/?page_id=408"},"modified":"2015-05-01T15:21:02","modified_gmt":"2015-05-01T15:21:02","slug":"historia-logo","status":"publish","type":"page","link":"https:\/\/oldhdk.pl.harta.infrit.net\/?page_id=408","title":{"rendered":"Historia Logo"},"content":{"rendered":"<p><a href=\"http:\/\/oldhdk.pl.harta.infrit.net\/wp-content\/uploads\/2015\/05\/logohdk1.png\"><img loading=\"lazy\" decoding=\"async\" class=\"aligncenter size-full wp-image-412\" title=\"logohdk\" src=\"http:\/\/oldhdk.pl.harta.infrit.net\/wp-content\/uploads\/2015\/05\/logohdk1.png\" alt=\"\" width=\"140\" height=\"140\" srcset=\"https:\/\/oldhdk.pl.harta.infrit.net\/wp-content\/uploads\/2015\/05\/logohdk1.png 140w, https:\/\/oldhdk.pl.harta.infrit.net\/wp-content\/uploads\/2015\/05\/logohdk1-100x100.png 100w\" sizes=\"auto, (max-width: 140px) 100vw, 140px\" \/><\/a><\/p>\n<p>Projekt logo &#8211; Anna Potoczny.<\/p>\n<p>\u017bonkil jest to znak nie tylko wiosny, ale przypomnienie o ludziach, kt\u00f3rzy potrzebuj\u0105 naszej pomocy. Jako mi\u0119dzynarodowy symbol nadziei,<br \/>\npami\u0119ci, szacunku a tak\u017ce naszej jedno\u015bci z osobami cierpi\u0105cymi, chorymi, sta\u0142 si\u0119 inspiracj\u0105 w projektowaniu logo kubu HDK &#8222;NADZIEJA&#8221; przy OSP w Harcie.<br \/>\nPoprzez swoj\u0105 subtelno\u015b\u0107, barw\u0119 i zapach u\u015bwiadamiaj\u0105 nam wy\u017csze cele istnienia, symbolizuj\u0105c krucho\u015b\u0107 i ulotno\u015b\u0107 \u017cycia.<\/p>\n<p>Kropla krwi &#8211; symbol odrodzenia, \u017cycia i energii \u017cyciowej. Krew jest og\u00f3lnie dla witalno\u015bci, wytrzyma\u0142o\u015bci fizycznej i \u015bwiadomo\u015bci, kt\u00f3re umo\u017cliwiaj\u0105 aktywne \u017cycie, czasami jeszcze do seksualno\u015bci.<\/p>\n<p>SERCE &#8211; \u0179R\u00d3D\u0141O \u017bYCIA: &#8222;Strze\u017c swego serca, bo z niego tryska \u017ar\u00f3d\u0142o \u017cycia&#8221; (Ks. Przypowie\u015bci)<br \/>\nSerce symbolizuje mi\u0142o\u015b\u0107, mi\u0142o\u015b\u0107 Boga, dobro\u0107, uczucie, szczero\u015b\u0107, niewinno\u015b\u0107, mi\u0142osierdzie, wsp\u00f3\u0142czucie, oddanie, szczodro\u015b\u0107, przyja\u017a\u0144, zgod\u0119, charakter, \u017cycie duchowe, zrozumienie, m\u0105dro\u015b\u0107, intelekt, m\u0119stwo, \u015bmia\u0142o\u015b\u0107, odwag\u0119, prawd\u0119 i dobro.<\/p>\n<p>Te trzy, jak\u017ce bardzo wymowne symbole zespolone zosta\u0142y w jedno, staj\u0105c si\u0119 ju\u017c na zawsze wizyt\u00f3wk\u0105 klubu HDK &#8222;Nadzieja&#8221;, oddaj\u0105c ca\u0142y charakter, motywy dzia\u0142ania i odzwierciedlaj\u0105c szlachetne cele i bezinteresowno\u015b\u0107 ludzi zrzeszonych w organizacji.<\/p>\n<p>&nbsp;<\/p>\n","protected":false},"excerpt":{"rendered":"<p>Projekt logo &#8211; Anna Potoczny. \u017bonkil jest to znak nie tylko wiosny, ale przypomnienie o ludziach, kt\u00f3rzy potrzebuj\u0105 naszej pomocy. Jako mi\u0119dzynarodowy symbol nadziei, pami\u0119ci, szacunku a tak\u017ce naszej jedno\u015bci z osobami cierpi\u0105cymi, chorymi, sta\u0142 si\u0119 inspiracj\u0105 w projektowaniu logo kubu HDK &#8222;NADZIEJA&#8221; przy OSP w Harcie. Poprzez swoj\u0105 subtelno\u015b\u0107, barw\u0119 i zapach u\u015bwiadamiaj\u0105 nam [&hellip;]<\/p>\n","protected":false},"author":3,"featured_media":0,"parent":0,"menu_order":0,"comment_status":"open","ping_status":"open","template":"","meta":{"footnotes":""},"class_list":["post-408","page","type-page","status-publish","hentry"],"_links":{"self":[{"href":"https:\/\/oldhdk.pl.harta.infrit.net\/index.php?rest_route=\/wp\/v2\/pages\/408","targetHints":{"allow":["GET"]}}],"collection":[{"href":"https:\/\/oldhdk.pl.harta.infrit.net\/index.php?rest_route=\/wp\/v2\/pages"}],"about":[{"href":"https:\/\/oldhdk.pl.harta.infrit.net\/index.php?rest_route=\/wp\/v2\/types\/page"}],"author":[{"embeddable":true,"href":"https:\/\/oldhdk.pl.harta.infrit.net\/index.php?rest_route=\/wp\/v2\/users\/3"}],"replies":[{"embeddable":true,"href":"https:\/\/oldhdk.pl.harta.infrit.net\/index.php?rest_route=%2Fwp%2Fv2%2Fcomments&post=408"}],"version-history":[{"count":4,"href":"https:\/\/oldhdk.pl.harta.infrit.net\/index.php?rest_route=\/wp\/v2\/pages\/408\/revisions"}],"predecessor-version":[{"id":410,"href":"https:\/\/oldhdk.pl.harta.infrit.net\/index.php?rest_route=\/wp\/v2\/pages\/408\/revisions\/410"}],"wp:attachment":[{"href":"https:\/\/oldhdk.pl.harta.infrit.net\/index.php?rest_route=%2Fwp%2Fv2%2Fmedia&parent=408"}],"curies":[{"name":"wp","href":"https:\/\/api.w.org\/{rel}","templated":true}]}}