{"id":47,"date":"2014-02-28T17:11:23","date_gmt":"2014-02-28T17:11:23","guid":{"rendered":"http:\/\/oldhdk.pl.harta.infrit.net\/?page_id=47"},"modified":"2014-02-28T17:17:51","modified_gmt":"2014-02-28T17:17:51","slug":"prawa-i-przywileje","status":"publish","type":"page","link":"https:\/\/oldhdk.pl.harta.infrit.net\/?page_id=47","title":{"rendered":"Prawa i przywileje"},"content":{"rendered":"<p>&nbsp;<\/p>\n<ol>\n<li>Krwiodawstwo jest oparte na zasadzie dobrowolnego i bezp\u0142atnego oddawania krwi.<\/li>\n<li>Osobie, kt\u00f3ra zosta\u0142a zarejestrowana w jednostce organizacyjnej publicznej s\u0142u\u017cby krwi i odda\u0142a bezp\u0142atnie krew przys\u0142uguje tytu\u0142 \u201eHonorowy Dawca Krwi\u201d.<\/li>\n<li>Tytu\u0142 i odznaka \u201eZas\u0142u\u017cony Dawca Krwi\u201d (nadaje PCK) przys\u0142uguje:\n<ul>\n<li>kobiecie, kt\u00f3ra odda\u0142a co najmniej 5 litr\u00f3w krwi lub co najmniej 15 litr\u00f3w osocza, co odpowiada 10 donacjom krwinek p\u0142ytkowych, pobranych metod\u0105 aferezy,<\/li>\n<li>m\u0119\u017cczy\u017anie, kt\u00f3ry odda\u0142 co najmniej 6 litr\u00f3w krwi lub co najmniej 20 litr\u00f3w osocza, co odpowiada 12 donacjom krwinek p\u0142ytkowych, pobranych metod\u0105 aferezy.<\/li>\n<\/ul>\n<\/li>\n<li>Honorowemu Dawcy, kt\u00f3ry odda\u0142 co najmniej 20 l krwi lub innych, r\u00f3wnowa\u017cnych sk\u0142adnik\u00f3w mog\u0105 by\u0107 nadawane ordery i odznaczenia oraz odznaka \u201eHonorowy Dawca Krwi \u2013 Zas\u0142u\u017cony dla Zdrowia Narodu\u201d (nadaje j\u0105 Minister Zdrowia).<\/li>\n<li>Honorowemu Dawcy Krwi, zgodnie z art. 9 ustawy o publicznej s\u0142u\u017cbie krwi przys\u0142uguje:\n<ul>\n<li>zwolnienie od pracy w dniu oddania krwi i na czas okresowego badania lekarskiego z zachowaniem prawa do wynagrodzenia,<\/li>\n<li>zwrot koszt\u00f3w przejazdu do najbli\u017cszej jednostki organizacyjnej publicznej s\u0142u\u017cby krwi, w kt\u00f3rej oddaje krew na zasadach okre\u015blonych w przepisach w sprawie diet i innych nale\u017cno\u015bci z tytu\u0142u podr\u00f3\u017cy s\u0142u\u017cbowych na obszarze kraju, koszty te ponosi jednostka organizacyjna publicznej s\u0142u\u017cby krwi,<\/li>\n<li>posi\u0142ek regeneracyjny po oddaniu krwi lub jej sk\u0142adnik\u00f3w o warto\u015bci kalorycznej 4.500 kalorii (tj. 8 czekolad),<\/li>\n<li>uprawnienia do korzystania poza kolejno\u015bci\u0105 z ambulatoryjnych \u015bwiadcze\u0144 zdrowotnych publicznych zak\u0142ad\u00f3w opieki zdrowotnej w ramach ubezpieczenia zdrowotnego oraz \u015bwiadcze\u0144 aptek (zas\u0142u\u017conemu honorowemu dawcy krwi art. 10, ustawy o publicznej s\u0142u\u017cby krwi),<\/li>\n<li>dawcom rzadkich grup i dawcom, kt\u00f3rzy przed pobraniem krwi zostali poddani zabiegowi uodpornienia lub innym zabiegom w celu uzyskania osocza lub surowic diagnostycznych, przys\u0142uguje opr\u00f3cz wymienionych uprawnie\u0144 \u2013 ekwiwalent pieni\u0119\u017cny za pobran\u0105 krew i zwi\u0105zane z tym zabiegi,<\/li>\n<li>publiczna s\u0142u\u017cba zdrowia zapewnia anonimowo\u015b\u0107 dawcy krwi. Oznakowanie opakowa\u0144 krwi i preparat\u00f3w krwiopochodnych nie mo\u017ce zawiera\u0107 danych umo\u017cliwiaj\u0105cych identyfikacj\u0119 dawcy przez biorc\u0119 lub inn\u0105 osob\u0119 b\u0105d\u017a jednostk\u0119 organizacyjn\u0105 inn\u0105 ni\u017c jednostka organizacyjna publicznej s\u0142u\u017cby krwi (art.13, w\/w ustawy).<\/li>\n<\/ul>\n<\/li>\n<li>Z dniem 1 stycznia 2007 r. Honorowym Dawcom przywr\u00f3cono mo\u017cliwo\u015b\u0107 odliczenia darowizny w formie ekwiwalentu pieni\u0119\u017cnego za oddan\u0105 krew od podstawy do opodatkowania. Regionalne Centrum Krwiodawstwa i Krwiolecznictwa w Warszawie uprzejmie informuje, \u017ce stosowne za\u015bwiadczenia b\u0119d\u0105 wydawane Honorowym Dawcom na \u017cyczenie od dnia 1 stycznia nast\u0119pnego roku.<\/li>\n<li>Krwiodawcom, kt\u00f3rzy oddali 15 litr\u00f3w krwi \u2013 kobiety, 18 litr\u00f3w krwi \u2013 m\u0119\u017cczy\u017ani lub odpowiadaj\u0105c\u0105 tej obj\u0119to\u015bci ilo\u015b\u0107 innych jej sk\u0142adnik\u00f3w \u2013 na podstawi odpowiedniego wpisu w legitymacji Honorowego Dawcy Krwi po\u015bwiadczony piecz\u0105tk\u0105 Regionalnego Centrum Krwiodawstwa i Krwiolecznictwa lub Oddzia\u0142u Terenowego wraz z dowodem to\u017csamo\u015bci przys\u0142uguj\u0105 bilety uprawniaj\u0105ce do bezp\u0142atnych przejazd\u00f3w \u015brodkami komunikacji miejskiej (obowi\u0105zuje w Warszawie).<\/li>\n<\/ol>\n<hr \/>\n<p><strong> Odznaczenia i przywileje nale\u017cne dawcom wynikaj\u0105 z nast\u0119puj\u0105cych akt\u00f3w prawnych :<\/strong><\/p>\n<p>Ustawa z 22.08.1997 r. o publicznej s\u0142u\u017cbie krwi (Dz. U. z 1997 r., Nr 106, poz. 681 z p\u00f3\u017an. zm.).<\/p>\n<p style=\"text-align: justify;\">Rozporz\u0105dzenia Ministra Zdrowia i Opieki Spo\u0142ecznej z 21.08.2006 r. w sprawie wzoru oraz szczeg\u00f3\u0142owych zasad i trybu nadawaniu odznaki honorowej \u201eZas\u0142u\u017cony Honorowy Dawca Krwi\u201d (Dz. U. z 2006 r., Nr 180, poz. 1324).<\/p>\n<p style=\"text-align: justify;\">Rozporz\u0105dzenie Ministra Pracy i Polityki Socjalnej z dnia 15.05.1996 r. w sprawie sposobu usprawiedliwiania nieobecno\u015bci w pracy oraz udzielania pracownikom zwolnie\u0144 od pracy (Dz. U. z 1996 r., Nr 60, poz. 281).<\/p>\n<p style=\"text-align: justify;\">Rozporz\u0105dzenie Ministra Zdrowia i Opieki Spo\u0142ecznej z dnia 26.11.2004 r. w sprawie warto\u015bci kalorycznej posi\u0142ku regeneracyjnego przys\u0142uguj\u0105cego dawcy (Dz. U. z 2004 r. Nr 261, poz. 2602).<\/p>\n<p style=\"text-align: justify;\">Rozporz\u0105dzenie Ministra Zdrowia i Opieki Spo\u0142ecznej z 19.01.2006 r. w sprawie r\u00f3wnowa\u017cnej ilo\u015bci innych sk\u0142adnik\u00f3w krwi, kt\u00f3rych oddawanie uprawnia dawc\u0119 do tytu\u0142\u00f3w i odznak honorowych (Dz. U. z 2006 r., Nr 21, poz. 163).<\/p>\n<p style=\"text-align: justify;\">Ustawa z dnia 26.07.1991 r. o podatku dochodowym od os\u00f3b fizycznych (t.j. Dz. U. z 2000 r., Nr 14, poz. 176, z p\u00f3\u017an. zm).<\/p>\n<p style=\"text-align: justify;\">Uchwa\u0142a, nr 140\/XXVII\/2004 Rady Warszawy z dnia 16.12.2004 r. w sprawie op\u0142at za us\u0142ugi przewozowe \u015brodkami gminnego transportu zbiorowego w Warszawie. Uchwa\u0142a Nr LXXXIII\/2752\/2006 Rady miasta sto\u0142ecznego Warszawy z dnia 19 pa\u017adziernika 2006 roku zmieniaj\u0105ca uchwa\u0142\u0119 w sprawie ustalenia ulg za us\u0142ugi przewozowe \u015brodkami lokalnego transportu zbiorowego w m.st. Warszawie. W za\u0142\u0105czniku do uchwa\u0142y Nr LXIII\/1040\/2004 Rady m.st. Warszawy z dnia 16 grudnia 2004 r. w sprawie ustalenia ulg za us\u0142ugi przewozowe \u015brodkami lokalnego transportu zbiorowego w m.st. Warszawie (Dz. Urz. Woj. Maz. Nr 320, poz. 10549 z p\u00f3\u017an. zm.)<\/p>\n","protected":false},"excerpt":{"rendered":"<p>&nbsp; Krwiodawstwo jest oparte na zasadzie dobrowolnego i bezp\u0142atnego oddawania krwi. Osobie, kt\u00f3ra zosta\u0142a zarejestrowana w jednostce organizacyjnej publicznej s\u0142u\u017cby krwi i odda\u0142a bezp\u0142atnie krew przys\u0142uguje tytu\u0142 \u201eHonorowy Dawca Krwi\u201d. Tytu\u0142 i odznaka \u201eZas\u0142u\u017cony Dawca Krwi\u201d (nadaje PCK) przys\u0142uguje: kobiecie, kt\u00f3ra odda\u0142a co najmniej 5 litr\u00f3w krwi lub co najmniej 15 litr\u00f3w osocza, co odpowiada [&hellip;]<\/p>\n","protected":false},"author":3,"featured_media":0,"parent":0,"menu_order":0,"comment_status":"open","ping_status":"open","template":"","meta":{"footnotes":""},"class_list":["post-47","page","type-page","status-publish","hentry"],"_links":{"self":[{"href":"https:\/\/oldhdk.pl.harta.infrit.net\/index.php?rest_route=\/wp\/v2\/pages\/47","targetHints":{"allow":["GET"]}}],"collection":[{"href":"https:\/\/oldhdk.pl.harta.infrit.net\/index.php?rest_route=\/wp\/v2\/pages"}],"about":[{"href":"https:\/\/oldhdk.pl.harta.infrit.net\/index.php?rest_route=\/wp\/v2\/types\/page"}],"author":[{"embeddable":true,"href":"https:\/\/oldhdk.pl.harta.infrit.net\/index.php?rest_route=\/wp\/v2\/users\/3"}],"replies":[{"embeddable":true,"href":"https:\/\/oldhdk.pl.harta.infrit.net\/index.php?rest_route=%2Fwp%2Fv2%2Fcomments&post=47"}],"version-history":[{"count":10,"href":"https:\/\/oldhdk.pl.harta.infrit.net\/index.php?rest_route=\/wp\/v2\/pages\/47\/revisions"}],"predecessor-version":[{"id":1088,"href":"https:\/\/oldhdk.pl.harta.infrit.net\/index.php?rest_route=\/wp\/v2\/pages\/47\/revisions\/1088"}],"wp:attachment":[{"href":"https:\/\/oldhdk.pl.harta.infrit.net\/index.php?rest_route=%2Fwp%2Fv2%2Fmedia&parent=47"}],"curies":[{"name":"wp","href":"https:\/\/api.w.org\/{rel}","templated":true}]}}